{"id":1616,"date":"2021-03-02T15:39:12","date_gmt":"2021-03-02T14:39:12","guid":{"rendered":"https:\/\/letabliducastor.fr\/?page_id=1616"},"modified":"2026-04-11T19:55:27","modified_gmt":"2026-04-11T17:55:27","slug":"accueil_new","status":"publish","type":"page","link":"https:\/\/letabliducastor.fr\/","title":{"rendered":"accueil_new"},"content":{"rendered":"\t\t<div data-elementor-type=\"wp-page\" data-elementor-id=\"1616\" class=\"elementor elementor-1616\">\n\t\t\t\t\t\t<section class=\"elementor-section elementor-top-section elementor-element elementor-element-a70dc29 elementor-section-full_width elementor-section-stretched elementor-section-height-default elementor-section-height-default\" data-id=\"a70dc29\" data-element_type=\"section\" data-settings=\"{&quot;stretch_section&quot;:&quot;section-stretched&quot;,&quot;background_background&quot;:&quot;classic&quot;}\">\n\t\t\t\t\t\t<div class=\"elementor-container elementor-column-gap-default\">\n\t\t\t\t\t<div class=\"elementor-column elementor-col-100 elementor-top-column elementor-element elementor-element-948b5ba\" data-id=\"948b5ba\" data-element_type=\"column\">\n\t\t\t<div class=\"elementor-widget-wrap elementor-element-populated\">\n\t\t\t\t\t\t<div class=\"elementor-element elementor-element-9e5d443 elementor-widget elementor-widget-heading\" data-id=\"9e5d443\" data-element_type=\"widget\" data-widget_type=\"heading.default\">\n\t\t\t\t<div class=\"elementor-widget-container\">\n\t\t\t<h2 class=\"elementor-heading-title elementor-size-default\">COmmunication<br> Graphisme <br>et \u00e9v\u00e9nements<\/h2>\t\t<\/div>\n\t\t\t\t<\/div>\n\t\t\t\t<div class=\"elementor-element elementor-element-3dae74b elementor-widget elementor-widget-heading\" data-id=\"3dae74b\" data-element_type=\"widget\" data-widget_type=\"heading.default\">\n\t\t\t\t<div class=\"elementor-widget-container\">\n\t\t\t<h2 class=\"elementor-heading-title elementor-size-medium\">\u00e0 votre service<\/h2>\t\t<\/div>\n\t\t\t\t<\/div>\n\t\t\t\t\t<\/div>\n\t\t<\/div>\n\t\t\t\t\t<\/div>\n\t\t<\/section>\n\t\t\t\t<section class=\"elementor-section elementor-top-section elementor-element elementor-element-3c09e64 elementor-section-full_width elementor-section-stretched elementor-section-height-default elementor-section-height-default\" data-id=\"3c09e64\" data-element_type=\"section\" data-settings=\"{&quot;stretch_section&quot;:&quot;section-stretched&quot;}\">\n\t\t\t\t\t\t<div class=\"elementor-container elementor-column-gap-no\">\n\t\t\t\t\t<div class=\"elementor-column elementor-col-100 elementor-top-column elementor-element elementor-element-0f8888f\" data-id=\"0f8888f\" data-element_type=\"column\">\n\t\t\t<div class=\"elementor-widget-wrap elementor-element-populated\">\n\t\t\t\t\t\t<div class=\"elementor-element elementor-element-6fbadaa elementor-widget elementor-widget-image\" data-id=\"6fbadaa\" data-element_type=\"widget\" data-widget_type=\"image.default\">\n\t\t\t\t<div class=\"elementor-widget-container\">\n\t\t\t\t\t\t\t\t\t\t\t\t\t<img fetchpriority=\"high\" decoding=\"async\" width=\"1920\" height=\"500\" src=\"https:\/\/letabliducastor.fr\/wp-content\/uploads\/2020\/04\/fond_textures_500.jpg\" class=\"attachment-full size-full wp-image-1772\" alt=\"fond_story\" srcset=\"https:\/\/letabliducastor.fr\/wp-content\/uploads\/2020\/04\/fond_textures_500.jpg 1920w, https:\/\/letabliducastor.fr\/wp-content\/uploads\/2020\/04\/fond_textures_500-300x78.jpg 300w, https:\/\/letabliducastor.fr\/wp-content\/uploads\/2020\/04\/fond_textures_500-1024x267.jpg 1024w, https:\/\/letabliducastor.fr\/wp-content\/uploads\/2020\/04\/fond_textures_500-768x200.jpg 768w, https:\/\/letabliducastor.fr\/wp-content\/uploads\/2020\/04\/fond_textures_500-1536x400.jpg 1536w\" sizes=\"(max-width: 1920px) 100vw, 1920px\" \/>\t\t\t\t\t\t\t\t\t\t\t\t\t<\/div>\n\t\t\t\t<\/div>\n\t\t\t\t\t<\/div>\n\t\t<\/div>\n\t\t\t\t\t<\/div>\n\t\t<\/section>\n\t\t\t\t<section class=\"elementor-section elementor-top-section elementor-element elementor-element-e346955 elementor-section-boxed elementor-section-height-default elementor-section-height-default\" data-id=\"e346955\" data-element_type=\"section\" id=\"story\" data-settings=\"{&quot;background_background&quot;:&quot;classic&quot;}\">\n\t\t\t\t\t\t<div class=\"elementor-container elementor-column-gap-default\">\n\t\t\t\t\t<div class=\"elementor-column elementor-col-100 elementor-top-column elementor-element elementor-element-c11f96f\" data-id=\"c11f96f\" data-element_type=\"column\">\n\t\t\t<div class=\"elementor-widget-wrap elementor-element-populated\">\n\t\t\t\t\t\t<div class=\"elementor-element elementor-element-25f8556 elementor-widget elementor-widget-heading\" data-id=\"25f8556\" data-element_type=\"widget\" data-widget_type=\"heading.default\">\n\t\t\t\t<div class=\"elementor-widget-container\">\n\t\t\t<h2 class=\"elementor-heading-title elementor-size-default\">la p'tite histoire...<\/h2>\t\t<\/div>\n\t\t\t\t<\/div>\n\t\t\t\t<section class=\"elementor-section elementor-inner-section elementor-element elementor-element-fa0b454 elementor-section-boxed elementor-section-height-default elementor-section-height-default\" data-id=\"fa0b454\" data-element_type=\"section\">\n\t\t\t\t\t\t<div class=\"elementor-container elementor-column-gap-default\">\n\t\t\t\t\t<div class=\"elementor-column elementor-col-50 elementor-inner-column elementor-element elementor-element-6a9c639\" data-id=\"6a9c639\" data-element_type=\"column\">\n\t\t\t<div class=\"elementor-widget-wrap elementor-element-populated\">\n\t\t\t\t\t\t<div class=\"elementor-element elementor-element-bbaf294 elementor-widget elementor-widget-text-editor\" data-id=\"bbaf294\" data-element_type=\"widget\" data-widget_type=\"text-editor.default\">\n\t\t\t\t<div class=\"elementor-widget-container\">\n\t\t\t\t\t\t\t<p>\u00c2g\u00e9 de seulement 35 ann\u00e9es, le <strong>Castor<\/strong>\u00a0s&rsquo;installa dans son humble demeure en\u00a0<strong>Mayenne<\/strong>\u00a0(53). Apr\u00e8s avoir voyag\u00e9 \u00e0 travers diff\u00e9rentes contr\u00e9es, pratiquant son art dans plusieurs soci\u00e9t\u00e9s, il d\u00e9cida finalement d&rsquo;\u00e9crire sa propre destin\u00e9e. Passionn\u00e9 de jeu vid\u00e9o, d&rsquo;\u00e9v\u00e9nement communautaire et de communication, il ambitionnait de venir en aide \u00e0 tous les porteurs de projets.<\/p><p>Prenant parti int\u00e9grante dans plusieurs projets associatifs, il n&rsquo;h\u00e9site pas \u00e0 plong\u00e9 dans l&rsquo;inconnu de vos esprits cr\u00e9atifs.<\/p><p>Pas de barrage entre vous et lui, venez\u00a0<strong>partager vos id\u00e9es<\/strong>\u00a0telles que vous les imaginez ! Le Castor est une personne \u00e0 l&rsquo;<strong>\u00e9coute<\/strong>\u00a0de vos envies tout en\u00a0<strong>transparence<\/strong>\u00a0et en\u00a0<strong>convivialit\u00e9.<\/strong><\/p>\t\t\t\t\t\t<\/div>\n\t\t\t\t<\/div>\n\t\t\t\t\t<\/div>\n\t\t<\/div>\n\t\t\t\t<div class=\"elementor-column elementor-col-50 elementor-inner-column elementor-element elementor-element-00b6b72\" data-id=\"00b6b72\" data-element_type=\"column\">\n\t\t\t<div class=\"elementor-widget-wrap elementor-element-populated\">\n\t\t\t\t\t\t<div class=\"elementor-element elementor-element-9aab9fb elementor-widget elementor-widget-image\" data-id=\"9aab9fb\" data-element_type=\"widget\" data-widget_type=\"image.default\">\n\t\t\t\t<div class=\"elementor-widget-container\">\n\t\t\t\t\t\t\t\t\t\t\t\t\t<img decoding=\"async\" width=\"253\" height=\"271\" src=\"https:\/\/letabliducastor.fr\/wp-content\/uploads\/2021\/03\/photoMoi.png\" class=\"attachment-medium size-medium wp-image-1675\" alt=\"Le Castor\" \/>\t\t\t\t\t\t\t\t\t\t\t\t\t<\/div>\n\t\t\t\t<\/div>\n\t\t\t\t\t<\/div>\n\t\t<\/div>\n\t\t\t\t\t<\/div>\n\t\t<\/section>\n\t\t\t\t\t<\/div>\n\t\t<\/div>\n\t\t\t\t\t<\/div>\n\t\t<\/section>\n\t\t\t\t<section class=\"elementor-section elementor-top-section elementor-element elementor-element-9e4f0e1 elementor-section-full_width elementor-section-stretched elementor-section-height-default elementor-section-height-default\" data-id=\"9e4f0e1\" data-element_type=\"section\" data-settings=\"{&quot;stretch_section&quot;:&quot;section-stretched&quot;,&quot;background_background&quot;:&quot;classic&quot;}\">\n\t\t\t\t\t\t<div class=\"elementor-container elementor-column-gap-default\">\n\t\t\t\t\t<div class=\"elementor-column elementor-col-100 elementor-top-column elementor-element elementor-element-b948d63\" data-id=\"b948d63\" data-element_type=\"column\">\n\t\t\t<div class=\"elementor-widget-wrap elementor-element-populated\">\n\t\t\t\t\t\t<section class=\"elementor-section elementor-inner-section elementor-element elementor-element-ab5a6fd elementor-section-boxed elementor-section-height-default elementor-section-height-default\" data-id=\"ab5a6fd\" data-element_type=\"section\">\n\t\t\t\t\t\t<div class=\"elementor-container elementor-column-gap-default\">\n\t\t\t\t\t<div class=\"elementor-column elementor-col-100 elementor-inner-column elementor-element elementor-element-60a13a3\" data-id=\"60a13a3\" data-element_type=\"column\">\n\t\t\t<div class=\"elementor-widget-wrap elementor-element-populated\">\n\t\t\t\t\t\t<div class=\"elementor-element elementor-element-6d72160 elementor-widget elementor-widget-heading\" data-id=\"6d72160\" data-element_type=\"widget\" data-widget_type=\"heading.default\">\n\t\t\t\t<div class=\"elementor-widget-container\">\n\t\t\t<h2 class=\"elementor-heading-title elementor-size-default\">Graphisme | Communication | \u00c9v\u00e8nements<\/h2>\t\t<\/div>\n\t\t\t\t<\/div>\n\t\t\t\t<div class=\"elementor-element elementor-element-0e83697 elementor-widget elementor-widget-heading\" data-id=\"0e83697\" data-element_type=\"widget\" data-widget_type=\"heading.default\">\n\t\t\t\t<div class=\"elementor-widget-container\">\n\t\t\t<h3 class=\"elementor-heading-title elementor-size-default\">Une approche humaine et cr\u00e9ative au service de vos projets<\/h3>\t\t<\/div>\n\t\t\t\t<\/div>\n\t\t\t\t<div class=\"elementor-element elementor-element-71a30a8 elementor-widget elementor-widget-text-editor\" data-id=\"71a30a8\" data-element_type=\"widget\" data-widget_type=\"text-editor.default\">\n\t\t\t\t<div class=\"elementor-widget-container\">\n\t\t\t\t\t\t\t<p class=\"\" data-start=\"278\" data-end=\"645\">Polyvalent et passionn\u00e9 par l\u2019univers de la communication visuelle et digitale, j\u2019accompagne associations, cr\u00e9ateurs de contenu et ind\u00e9pendant\u00b7e\u00b7s dans la mise en valeur de leur image et de leurs id\u00e9es.<br data-start=\"484\" data-end=\"487\" \/>Du design graphique \u00e0 la strat\u00e9gie de communication, en passant par la cr\u00e9ation de sites web, je construis des solutions sur mesure, avec vous et pour vous.<\/p><p class=\"\" data-start=\"647\" data-end=\"736\">Mon objectif : traduire votre identit\u00e9 en supports percutants, coh\u00e9rents et engageants.<\/p><p class=\"\" data-start=\"738\" data-end=\"833\"><strong data-start=\"738\" data-end=\"789\">Envie de faire passer votre message autrement ?<\/strong> Voyez par vous m\u00eame ce que je peux vous proposer.<\/p>\t\t\t\t\t\t<\/div>\n\t\t\t\t<\/div>\n\t\t\t\t<div class=\"elementor-element elementor-element-6a2da92 elementor-align-center elementor-widget elementor-widget-button\" data-id=\"6a2da92\" data-element_type=\"widget\" data-widget_type=\"button.default\">\n\t\t\t\t<div class=\"elementor-widget-container\">\n\t\t\t\t\t<div class=\"elementor-button-wrapper\">\n\t\t\t<a class=\"elementor-button elementor-button-link elementor-size-sm\" href=\"https:\/\/letabliducastor.fr\/index.php\/latelier\/\">\n\t\t\t\t\t\t<span class=\"elementor-button-content-wrapper\">\n\t\t\t\t\t\t<span class=\"elementor-button-icon elementor-align-icon-right\">\n\t\t\t\t<i aria-hidden=\"true\" class=\"far fa-arrow-alt-circle-right\"><\/i>\t\t\t<\/span>\n\t\t\t\t\t\t\t\t\t<span class=\"elementor-button-text\">Visite de l'atelier<\/span>\n\t\t\t\t\t<\/span>\n\t\t\t\t\t<\/a>\n\t\t<\/div>\n\t\t\t\t<\/div>\n\t\t\t\t<\/div>\n\t\t\t\t\t<\/div>\n\t\t<\/div>\n\t\t\t\t\t<\/div>\n\t\t<\/section>\n\t\t\t\t\t<\/div>\n\t\t<\/div>\n\t\t\t\t\t<\/div>\n\t\t<\/section>\n\t\t\t\t<section class=\"elementor-section elementor-top-section elementor-element elementor-element-56c22f6 elementor-section-full_width elementor-section-stretched elementor-section-height-default elementor-section-height-default\" data-id=\"56c22f6\" data-element_type=\"section\" data-settings=\"{&quot;stretch_section&quot;:&quot;section-stretched&quot;,&quot;background_background&quot;:&quot;classic&quot;}\">\n\t\t\t\t\t\t<div class=\"elementor-container elementor-column-gap-default\">\n\t\t\t\t\t<div class=\"elementor-column elementor-col-100 elementor-top-column elementor-element elementor-element-3cceb90\" data-id=\"3cceb90\" data-element_type=\"column\">\n\t\t\t<div class=\"elementor-widget-wrap\">\n\t\t\t\t\t\t\t<\/div>\n\t\t<\/div>\n\t\t\t\t\t<\/div>\n\t\t<\/section>\n\t\t\t\t<section class=\"elementor-section elementor-top-section elementor-element elementor-element-f52a43d elementor-section-stretched elementor-section-boxed elementor-section-height-default elementor-section-height-default\" data-id=\"f52a43d\" data-element_type=\"section\" data-settings=\"{&quot;stretch_section&quot;:&quot;section-stretched&quot;,&quot;background_background&quot;:&quot;classic&quot;}\">\n\t\t\t\t\t\t<div class=\"elementor-container elementor-column-gap-default\">\n\t\t\t\t\t<div class=\"elementor-column elementor-col-100 elementor-top-column elementor-element elementor-element-3d8c79f\" data-id=\"3d8c79f\" data-element_type=\"column\">\n\t\t\t<div class=\"elementor-widget-wrap elementor-element-populated\">\n\t\t\t\t\t\t<div class=\"elementor-element elementor-element-3a4ae9a elementor-widget elementor-widget-heading\" data-id=\"3a4ae9a\" data-element_type=\"widget\" data-widget_type=\"heading.default\">\n\t\t\t\t<div class=\"elementor-widget-container\">\n\t\t\t<h2 class=\"elementor-heading-title elementor-size-default\">ces Cr\u00e9ateurs<\/h2>\t\t<\/div>\n\t\t\t\t<\/div>\n\t\t\t\t<div class=\"elementor-element elementor-element-8db7732 elementor-widget elementor-widget-heading\" data-id=\"8db7732\" data-element_type=\"widget\" data-widget_type=\"heading.default\">\n\t\t\t\t<div class=\"elementor-widget-container\">\n\t\t\t<h3 class=\"elementor-heading-title elementor-size-default\">qui m'ont fait confiance !<\/h3>\t\t<\/div>\n\t\t\t\t<\/div>\n\t\t\t\t\t<\/div>\n\t\t<\/div>\n\t\t\t\t\t<\/div>\n\t\t<\/section>\n\t\t\t\t<section class=\"elementor-section elementor-top-section elementor-element elementor-element-ad448d2 elementor-section-full_width elementor-section-stretched elementor-section-height-default elementor-section-height-default\" data-id=\"ad448d2\" data-element_type=\"section\" data-settings=\"{&quot;stretch_section&quot;:&quot;section-stretched&quot;,&quot;background_background&quot;:&quot;classic&quot;}\">\n\t\t\t\t\t\t<div class=\"elementor-container elementor-column-gap-no\">\n\t\t\t\t\t<div class=\"elementor-column elementor-col-33 elementor-top-column elementor-element elementor-element-190ce9d\" data-id=\"190ce9d\" data-element_type=\"column\">\n\t\t\t<div class=\"elementor-widget-wrap elementor-element-populated\">\n\t\t\t\t\t\t<div class=\"elementor-element elementor-element-0ed9681 elementor-widget elementor-widget-image\" data-id=\"0ed9681\" data-element_type=\"widget\" data-widget_type=\"image.default\">\n\t\t\t\t<div class=\"elementor-widget-container\">\n\t\t\t\t\t\t\t\t\t\t\t\t\t\t<a href=\"https:\/\/ouatdefok.fr\/\" target=\"_blank\">\n\t\t\t\t\t\t\t<img decoding=\"async\" width=\"800\" height=\"450\" src=\"https:\/\/letabliducastor.fr\/wp-content\/uploads\/2024\/05\/ouatdefok_fr-1024x576.jpg\" class=\"attachment-large size-large wp-image-2255\" alt=\"\" srcset=\"https:\/\/letabliducastor.fr\/wp-content\/uploads\/2024\/05\/ouatdefok_fr-1024x576.jpg 1024w, https:\/\/letabliducastor.fr\/wp-content\/uploads\/2024\/05\/ouatdefok_fr-300x169.jpg 300w, https:\/\/letabliducastor.fr\/wp-content\/uploads\/2024\/05\/ouatdefok_fr-768x432.jpg 768w, https:\/\/letabliducastor.fr\/wp-content\/uploads\/2024\/05\/ouatdefok_fr-1536x864.jpg 1536w, https:\/\/letabliducastor.fr\/wp-content\/uploads\/2024\/05\/ouatdefok_fr.jpg 1920w\" sizes=\"(max-width: 800px) 100vw, 800px\" \/>\t\t\t\t\t\t\t\t<\/a>\n\t\t\t\t\t\t\t\t\t\t\t\t\t<\/div>\n\t\t\t\t<\/div>\n\t\t\t\t<div class=\"elementor-element elementor-element-9880c51 elementor-widget elementor-widget-heading\" data-id=\"9880c51\" data-element_type=\"widget\" data-widget_type=\"heading.default\">\n\t\t\t\t<div class=\"elementor-widget-container\">\n\t\t\t<h4 class=\"elementor-heading-title elementor-size-default\">Ouatdefok<\/h4>\t\t<\/div>\n\t\t\t\t<\/div>\n\t\t\t\t\t<\/div>\n\t\t<\/div>\n\t\t\t\t<div class=\"elementor-column elementor-col-33 elementor-top-column elementor-element elementor-element-873ff03\" data-id=\"873ff03\" data-element_type=\"column\">\n\t\t\t<div class=\"elementor-widget-wrap elementor-element-populated\">\n\t\t\t\t\t\t<div class=\"elementor-element elementor-element-e205b74 elementor-widget elementor-widget-image\" data-id=\"e205b74\" data-element_type=\"widget\" data-widget_type=\"image.default\">\n\t\t\t\t<div class=\"elementor-widget-container\">\n\t\t\t\t\t\t\t\t\t\t\t\t\t\t<a href=\"https:\/\/aosff.fr\/\" target=\"_blank\">\n\t\t\t\t\t\t\t<img loading=\"lazy\" decoding=\"async\" width=\"800\" height=\"450\" src=\"https:\/\/letabliducastor.fr\/wp-content\/uploads\/2025\/04\/AOSFF-1024x576.jpg\" class=\"attachment-large size-large wp-image-2310\" alt=\"AOSFF\" srcset=\"https:\/\/letabliducastor.fr\/wp-content\/uploads\/2025\/04\/AOSFF-1024x576.jpg 1024w, https:\/\/letabliducastor.fr\/wp-content\/uploads\/2025\/04\/AOSFF-300x169.jpg 300w, https:\/\/letabliducastor.fr\/wp-content\/uploads\/2025\/04\/AOSFF-768x432.jpg 768w, https:\/\/letabliducastor.fr\/wp-content\/uploads\/2025\/04\/AOSFF-1536x864.jpg 1536w, https:\/\/letabliducastor.fr\/wp-content\/uploads\/2025\/04\/AOSFF.jpg 1920w\" sizes=\"(max-width: 800px) 100vw, 800px\" \/>\t\t\t\t\t\t\t\t<\/a>\n\t\t\t\t\t\t\t\t\t\t\t\t\t<\/div>\n\t\t\t\t<\/div>\n\t\t\t\t<div class=\"elementor-element elementor-element-44b4be4 elementor-widget elementor-widget-heading\" data-id=\"44b4be4\" data-element_type=\"widget\" data-widget_type=\"heading.default\">\n\t\t\t\t<div class=\"elementor-widget-container\">\n\t\t\t<h4 class=\"elementor-heading-title elementor-size-default\">AOSFF<\/h4>\t\t<\/div>\n\t\t\t\t<\/div>\n\t\t\t\t\t<\/div>\n\t\t<\/div>\n\t\t\t\t<div class=\"elementor-column elementor-col-33 elementor-top-column elementor-element elementor-element-082d970\" data-id=\"082d970\" data-element_type=\"column\">\n\t\t\t<div class=\"elementor-widget-wrap elementor-element-populated\">\n\t\t\t\t\t\t<div class=\"elementor-element elementor-element-b34fdf5 elementor-widget elementor-widget-image\" data-id=\"b34fdf5\" data-element_type=\"widget\" data-widget_type=\"image.default\">\n\t\t\t\t<div class=\"elementor-widget-container\">\n\t\t\t\t\t\t\t\t\t\t\t\t\t\t<a href=\"https:\/\/lespritgraine.fr\/\" target=\"_blank\">\n\t\t\t\t\t\t\t<img loading=\"lazy\" decoding=\"async\" width=\"800\" height=\"450\" src=\"https:\/\/letabliducastor.fr\/wp-content\/uploads\/2021\/09\/lespritgraine-1024x576.jpg\" class=\"attachment-large size-large wp-image-2216\" alt=\"lespritgraine\" srcset=\"https:\/\/letabliducastor.fr\/wp-content\/uploads\/2021\/09\/lespritgraine-1024x576.jpg 1024w, https:\/\/letabliducastor.fr\/wp-content\/uploads\/2021\/09\/lespritgraine-300x169.jpg 300w, https:\/\/letabliducastor.fr\/wp-content\/uploads\/2021\/09\/lespritgraine-768x432.jpg 768w, https:\/\/letabliducastor.fr\/wp-content\/uploads\/2021\/09\/lespritgraine-1536x863.jpg 1536w, https:\/\/letabliducastor.fr\/wp-content\/uploads\/2021\/09\/lespritgraine.jpg 1699w\" sizes=\"(max-width: 800px) 100vw, 800px\" \/>\t\t\t\t\t\t\t\t<\/a>\n\t\t\t\t\t\t\t\t\t\t\t\t\t<\/div>\n\t\t\t\t<\/div>\n\t\t\t\t<div class=\"elementor-element elementor-element-e962cea elementor-widget elementor-widget-heading\" data-id=\"e962cea\" data-element_type=\"widget\" data-widget_type=\"heading.default\">\n\t\t\t\t<div class=\"elementor-widget-container\">\n\t\t\t<h4 class=\"elementor-heading-title elementor-size-default\">l'esprit graine<\/h4>\t\t<\/div>\n\t\t\t\t<\/div>\n\t\t\t\t\t<\/div>\n\t\t<\/div>\n\t\t\t\t\t<\/div>\n\t\t<\/section>\n\t\t\t\t<\/div>\n\t\t","protected":false},"excerpt":{"rendered":"<p>COmmunication Graphisme et \u00e9v\u00e9nements \u00e0 votre service la p&rsquo;tite histoire&#8230; \u00c2g\u00e9 de seulement 35 ann\u00e9es, le Castor\u00a0s&rsquo;installa dans son humble<\/p>\n","protected":false},"author":1,"featured_media":0,"parent":0,"menu_order":0,"comment_status":"closed","ping_status":"closed","template":"","meta":{"_seopress_robots_primary_cat":"","_seopress_titles_title":"L&#039;\u00c9tabli du Castor","_seopress_titles_desc":"Graphisme et \u00c9v\u00e9nement, mettez toutes les chances de votre c\u00f4t\u00e9 pour que votre action devienne une exp\u00e9rience inoubliable.","_seopress_robots_index":"","_exactmetrics_skip_tracking":false,"_exactmetrics_sitenote_active":false,"_exactmetrics_sitenote_note":"","_exactmetrics_sitenote_category":0,"footnotes":""},"_links":{"self":[{"href":"https:\/\/letabliducastor.fr\/index.php\/wp-json\/wp\/v2\/pages\/1616"}],"collection":[{"href":"https:\/\/letabliducastor.fr\/index.php\/wp-json\/wp\/v2\/pages"}],"about":[{"href":"https:\/\/letabliducastor.fr\/index.php\/wp-json\/wp\/v2\/types\/page"}],"author":[{"embeddable":true,"href":"https:\/\/letabliducastor.fr\/index.php\/wp-json\/wp\/v2\/users\/1"}],"replies":[{"embeddable":true,"href":"https:\/\/letabliducastor.fr\/index.php\/wp-json\/wp\/v2\/comments?post=1616"}],"version-history":[{"count":99,"href":"https:\/\/letabliducastor.fr\/index.php\/wp-json\/wp\/v2\/pages\/1616\/revisions"}],"predecessor-version":[{"id":2344,"href":"https:\/\/letabliducastor.fr\/index.php\/wp-json\/wp\/v2\/pages\/1616\/revisions\/2344"}],"wp:attachment":[{"href":"https:\/\/letabliducastor.fr\/index.php\/wp-json\/wp\/v2\/media?parent=1616"}],"curies":[{"name":"wp","href":"https:\/\/api.w.org\/{rel}","templated":true}]}}